{"id":432,"date":"2018-10-24T18:26:05","date_gmt":"2018-10-24T16:26:05","guid":{"rendered":"http:\/\/www.cerxis.de\/hp\/?page_id=432"},"modified":"2018-10-24T18:26:05","modified_gmt":"2018-10-24T16:26:05","slug":"allgemeiner-hintergrund","status":"publish","type":"page","link":"https:\/\/www.cerxis.de\/hp\/?page_id=432","title":{"rendered":"Allgemeiner Hintergrund"},"content":{"rendered":"<p><b>Allgemeiner Hintergrund<\/b><\/p>\n<p>Die Alpha Legion war die letzte Legion die von dem gro\u00dfem Imperator geschaffen wurde. Da sie die ausgereifteste Gensaat aller Legionen erhielt, besa\u00dfen die Space Marines der Alpha Legion au\u00dferordentlich stabile Gene, was die vergleichsweise wenigen Mutationen der 20. Legion erkl\u00e4rt.<br \/>\nZu Beginn des Gro\u00dfen Kreuzzuges z\u00e4hlte die Alpha Legion circa 2000 Space Marines, w\u00e4hrend ihre Bruderlegionen weitaus zahlreicher waren. Bis heute gibt es keine genauen Aufzeichnungen, warum die Alpha Legion nicht so viele K\u00e4mpfer besa\u00df und weder Alpharius noch Omegon wussten um diesen Umstand als sie ihre K\u00e4mpfer \u00fcberstellt bekamen. Bis zur Vereinigung mit ihren Primarchen dienten die Alpha Legion\u00e4re dem Imperator als Spezialeinheit und wurden f\u00fcr verdeckte Operationen eingesetzt. Niemand wusste von ihrer Existenz da sie aus dem \u00f6ffentlichem Blickfeld verschwanden und mit neu geschaffenen Organisationen wie dem Sororitas Inconcessus und dem Officio Assassinorum zusammen arbeiteten. Auch heute sind diese Wurzeln nicht verdorrt und so gibt es immer noch Assassinen im Dienste der Alpha Legion.<br \/>\nObwohl ihre Space Marines direkt f\u00fcr und mit dem Imperator agierten, wurde Alpharius nach der Entdeckung nicht direkt dem Imperator vorgestellt. Nachdem er seinen Bruder Horus mitsamt seiner Flotte in ein Minenfeld gelockt hat und sich bis auf die Br\u00fccke vork\u00e4mpfte erkannte ihn Horus w\u00e4hrend eines Zweikampfes. Froh dar\u00fcber, dass er seinen letzten Primarchenbruder gefunden hat, nahm er Alpharius mit auf sein Schiff und nahm ihn mit zu einigen Eins\u00e4tzen bevor sie beide nach Terra zur\u00fcckkehrten. Omegon, welcher selbst Teil der Gruppe von Angreifern war, die auf die Br\u00fccke gelangten hielt sich im Hintergrund. Alpharius und Omegon wollten erst einmal den Schein aufrecht erhalten, dass es nur einen letzten Primarchen gab.<br \/>\nAlpharius f\u00fchrte seine Legion in die \u00e4u\u00dfersten Grenzen des Imperiums, um ebenfalls so viel Ruhm wie die anderen, \u00e4lteren Legionen zu erlangen. Er lehrte seine Legion, einen Feind gleichzeitig aus verschiedenen Richtungen anzugreifen, um so seine Schwachstellen zu nutzen. So den gelehrten Taktiken geh\u00f6rten unter Anderem Flankenangriffe, Untertunnelung, Umgehung von Verteidigungslinien, Teleportation, Absprung hinter feindlichen Linien, Ablenkungsangriffe, Infiltration, Einsatz von Holofeldern, in Gegnerfarben bemalten R\u00fcstungen oder geklauten R\u00fcstungen, das Lahmlegen von Nachschub- und Kontrollwegen, das Ausschalten von Kommunikationsnetzen, Sabotage von Treibstoff- und Munitionslagern, Vergiften von Wasser- und Nahrungsmittelvorr\u00e4ten, das Ausl\u00f6sen von Epidemien, vulkanischen und\/oder seismischen Aktivit\u00e4ten, das Ersetzen von Offizieren oder Schl\u00fcsselpersonen in den Netzen des Imperiums, Propaganda zur Anstiftung von Volksaufst\u00e4nden und Rebellionen, das Schlie\u00dfen von B\u00fcndnissen anti-imperialer Truppen einschlie\u00dflich Verr\u00e4terlegionen und Xenos und dies alles in vielen Kombinationen, verschachtelt und bestehend aus einem Labyrinth geheimer Intrigen.<br \/>\nDie Br\u00fcder hielten die Legion\u00e4re dazu an eigenst\u00e4ndig zu denken und sich nicht allein der Befehlskette zu untergeben. Alpahrius und Omegon teilten die ihnen zur Verf\u00fcgung stehenden Legion\u00e4re schon bald in Einsatzverb\u00e4nde kleinerer Anzahl ein und lie\u00df diese \u00fcberall im Imperium versteckte Au\u00dfenposten und St\u00fctzpunkte errichten. Unz\u00e4hlige Lager und Depots wurden errichtet und ein kompliziertes Kommunikationsnetz entwickelt. Die Offiziere der Einsatzverb\u00e4nde sollten eigenst\u00e4ndig handeln und operieren k\u00f6nnen, sodass auch ohne die Anwesenheit der Primarchen eine schlagkr\u00e4ftige Armee dem Feind gegen\u00fcber stand. Von Zeit zu Zeit kam es vor das die Primarchen Operationen getarnt als einfache Legion\u00e4re begleiteten um die Schlagkraft zu untersuchen, die seine Legion ohne ihren F\u00fchrer aufzubringen .<br \/>\nW\u00e4hrend Alpharius der Primarch war, der in der \u00d6ffentlichkeit auftrat und den Kontakt zu den anderen Primarchen hielt, hielt sich Omegon weiter im Hintergrund. Durch eine Verstrickung von Ereignissen auf dem Planeten Eolith, bekamen die beiden Br\u00fcder vor dem gro\u00dfen Bruderkrieg einen Einblick in die Zukunft. Die Kabale, eine Gruppe verschiedener Xenos die sich selbst als eine Art intergalaktisches Gremium ansehen, gew\u00e4hrten ihnen dieses Einblick. Die Kabale sah zwei Zuk\u00fcnfte vorraus: Wenn der Imperator gewinnen w\u00fcrde, w\u00fcrde er halbtot an den Goldenen Thron gefesselt sein und das Imperium w\u00fcrde \u00fcber Jahrtausende stagnieren und langsam verfallen. Irgendwann w\u00fcrde sich das Chaos einschleichen und es \u00fcbernehmen. Wenn Horus gewinnen w\u00fcrde, w\u00fcrden er und seine Mitverschw\u00f6rer Krieg gegeneinander f\u00fchren und die Menschheit dabei ausrotten. Mit dem Verschwinden der Menschheit w\u00fcrde das Chaos sein wichtigstes Werkzeug verlieren und die restlichen Spezies der Galaxisw\u00e4ren gerettet. Obwohl die beiden Br\u00fcder es vorerst ablehnten Horus zu unterst\u00fctzen entschieden sie sich dennoch f\u00fcr den Verrat gegen\u00fcber ihres Vaters,d a sie wussten das es sein h\u00f6chstes Ziel war das Chaos zu vernichten. Doch war es kein v\u00f6lliger Verrat, wie bei Allem ging die Alpha Legion ihren eigenen Weg und dieser Weg sollte immer den gro\u00dfen Zielen des Imperators dienen. Nachdem Horus zum Warmaster ernannt wurde, konnte die Alpha Legion freier agieren, denn Horus erkannte das Potenzial von Alpharius Kriegsf\u00fchrung und Parallelen zu seinen Sons of Horus. Es zeigte sich aber zunehmend, dass die XX. Legion nach neuen Herausforderungen suchte und auch dort ihre Kriegsf\u00fchrung zum Tragen brachte, wo ein Gespr\u00e4ch, bereits die Integration ins Imperium erreicht h\u00e4tte. Nun sandte auch Horus Beschwerden nach Terra, auch wenn er die Legion nach au\u00dfen weiterhin in Schutz nahm. Alpharius distanzierte sich klar von dem Codex Astartes, da er sich gegen alle Prinzipien der Alpha Legion stellte und nutzte den gro\u00dfen Kreuzzug um seine Legion\u00e4re in der vielseitigen Kriegskunst zu schulen, welche von Sabotage \u00fcber Unterwanderung und Infiltration alles beinhaltete.<br \/>\nW\u00e4hrend des gro\u00dfen Bruderkrieges arbeitete Alpharius viele Pl\u00e4ne mit Horus aus, unter anderem auch das Massaker auf Istavaan IV doch Horus hegte mi\u00dftrauen gegen\u00fcber seines Bruders. Er konnte ihn nicht durchschauen und trotz direkter Befehle bemerkte er immer wieder das Alpharius andere Interessen verfolgte. Die Alpha Legion k\u00e4mpfte im Zuge des Landungsplatzmassakers zur\u00fcckhaltend und war viel mehr darauf bedacht eigene Legion\u00e4re in die Reihen der loyalen Br\u00fcder zu infiltireren.<br \/>\nDa sich Horus der Loyalit\u00e4t der Alpha Legion nicht gewiss war und diese zudem w\u00e4hrend des Landungsplatzmassakers zur\u00fcckhaltend k\u00e4mpfte, befahl der Warmaster ihnen die Eroberung des Paramar-Systems. Paramar befand sich knapp au\u00dferhalb des Segmentum Solar und auf direkter Linie zwischen Terra und Istvaan V, seit dem vierten Jahrzehnt des Gro\u00dfen Kreuzzuges, war das System ein wichtiger Nachschubmotor der Feldz\u00fcge. Noch w\u00e4hrend der K\u00e4mpfe auf Istvaan brach eine Flotte der Alpha Legion auf, w\u00e4hrend ihre Spartoi bereits mit der Unterwanderung der Sicherheitskr\u00e4fte und des Mechanicums begannen. 38 Tage nach dem Landungsplatzmassaker, n\u00e4herten sich die ersten elf Schiffe den Raumdocks, mit dem Funkspruch, sie seien auf den Weg nach Istvaan im Warp zerstreut wurden und br\u00e4uchten nun Nachschub und Reparaturen. Womit sie nicht gerechnet hatten, war die Ankunft einer Flotte des 77. Grand Battalion der Iron Warriors, einer Gruppe von Kriegern die nicht von Perturabos Verrat wusste. Als der Angriff der XX. Legion begann, gerieten die Iron Warriors ins Kreuzfeuer und stellten sich auf die Seite der Loyalisten, der erste Angriff schien zu scheitern, sodass Harrowmaster Armillus Dynat gezwungen wurde, seine lauernde Flotte in Marsch zu setzen und dabei die schweren Mechanicus-Archen hinter sich her zu ziehen, damit diese Schritt halten konnten. Nach harten K\u00e4mpfen gewann die Alpha Legion unterst\u00fctzt vom Dunklen Mechanicum die Schlacht um Paramar V, danach pl\u00fcnderte die Legion die Nachschubdepots und lies das Mechanicum zur\u00fcck. Dieses beschwerte sich bei Horus, da sie die Welt nicht allein verteidigen konnten. Als Horus eine Nachricht an Alpharius sandte, damit dieser sein Verhalten erkl\u00e4rt, bekam er zur Antwort, die Legion sollte Paramar erobern und das h\u00e4tte sie getan, von einer Garnison sei nie die Rede gewesen. Alpharius hatte bereits vermutet das dies Horus Mi\u00dftrauen nur noch weiter sch\u00fcren w\u00fcrde, aber er und Omegon waren sich sicher das es wichtiger sei im Segmentum Solar zu sein, w\u00e4hrend die Verr\u00e4terlegionen Terra angriffen. Horus jedoch, der Alpharius nicht mehr vertraute \u00fcbersandte ihm die Aufgabe die Space Wolves und die White Scars aufzusp\u00fcren, anzugreifen und von Terra fernzuhalten. Daraufhin f\u00fchrte Alpharius seinen eigenen Kreuzzug gegen alles, was ihm \u00fcber den Weg kam. Die von Prospero zur\u00fcckkehrenden Space Wolves wurden im Alaxxes Nebula zum Kampf gestellt und in das Innere des Nebels zur\u00fcckgedr\u00e4ngt. Zeitgleich stellte sich eine Flotte der Alpha Legion im Chondax-System den White Scars. Die Alpha Legion blockierte allerdings nur die Sprungpunkte und er\u00f6ffnete nicht das Feuer, sie nutzten gekonnt aus, dass Jaghatai Khan kein klares Bild davon hatte, wer im Imperium eigentlich gegen wen k\u00e4mpft. Nach einiger Zeit lie\u00df die Alpha Legion Khan und seine Flotte entkommen.<br \/>\nDie beiden Primarchenbr\u00fcder begannen langsam in zwei Richtungen zu arbeiten, so hat Omegon bspw. die Leitung zur Infiltration der Raven Guard \u00fcbernommen um an die reine Gensaat zu gelangen, die die Corax vom Imperator zum Wiederaufbau seiner Streitkr\u00e4fte bekommen hat. Alpharius selbst stand zu sehr im \u00f6ffentlichen Sichtfeld in dieser ereignisreichen Zeit, weshalb Omegon die eigentliche F\u00fchrung der Alpha Legion \u00fcbernahm. Alpharius lenkte durch geschickte Manipulation die Wege des Gro\u00dfmeisters Horus um ihn auf den Weg zu f\u00fchren den die Kabale vorhergesehen hatten. Diese unterschiedlichen Wege der Legion hatten zur Folge das sich die beiden Br\u00fcder voneinander entfernten und sich zwei starke K\u00f6pfe der Hydra bildeten. Gerade Omegon hielt seinem Bruder oftmals bewusst Informationen vor oder belog ihn schlicht um seine eigenen Ziele zu verfolgen. Omegons Macht innerhalb der Legion wuchs Schritt f\u00fcr Schritt und das obwohl die Alpha Legion sich selbst sowie alle anderen Gegner perfekt \u00fcberwacht. Als Alpharius bemerkte was vorging stellte er seinen Bruder zur Rede und es begann ein m\u00e4chtiger Streit \u00fcber den Weg den die Alpha Legion nun einschlagen sollte.<\/p>\n<p><b>Das erste Paradoxon &#8211; Die Vision der Kabale<\/b><br \/>\nWenn der Imperator siegt, wird das Imperium in seinem Sein stagnieren &#8211; im Laufe von tausenden von Jahren wird sich das Chaos immer weiter in das Herz des Imperiums festsetzen, w\u00e4hrend des Verfalls wird dann der Primordiale Zerst\u00f6rer aufsteigen und die Galaxie wie wir sie kennen wird ein Ende habe. Sollte der Kriegsherr Horus siegen wird es ein zwei kurze Dekaden der Gewalt und Zerst\u00f6rung geben, die zur Folge haben das die menschliche Rasse sich selbst ausl\u00f6scht und der Primordiale Zerst\u00f6rer in Vergessenheit ger\u00e4t . Die anderen Rassen der Galaxie leben \u00fcber das Ende der Menschheit hinfort<\/p>\n<p><b>Das zweite Paradoxon &#8211; Folgen beider Pfade<\/b><br \/>\nAlpharius und Omegon k\u00f6nnten ein durchaus w\u00fcnschenswerteres Ziel verfolgen, indem sie beide Pfade zur gleichen Zeit einschlagen. Die Alpha Legion folgt einer Vorgehensweise, die die ersten beiden Paradoxa hervorbringt, indem sie sowohl den Imperator als auch Horus gleichzeitig unterst\u00fctzen bzw. nicht unterst\u00fctzen. Die Alpha Legion schafft ihre eigene Agenda &#8211; Wie sie es schon so oft getan haben. Alpharius und seine Legion beschreiten einen schmalen Grat, sie spielen die Rolle in zwei entgegengesetzten Wegen, um das Ziel eines dritten Weges mit einem mehr w\u00fcnschenswertes Ergebnis erzielen.<\/p>\n<p><b>Die dritte Paradoxon &#8211; Der gespaltene Kopf<\/b><br \/>\nDas dritte Paradox und Schl\u00fcssel zu dem was folgt, ist, dass das zweite Paradox nur durch eine gewisse Spaltung der eigenen Legion erreicht werden kann. Jeder Primarch f\u00fchrt die H\u00e4lfte der Legion nach einem der beiden Schicksalswege. Die Alpha Legion wird zum Sinnbild der imperialen Ideologie -sie erh\u00e4lt die Menschheit mit all ihren Schw\u00e4chen und f\u00fchrt sie dennoch zu einem h\u00f6heren Stand als Rasse.<br \/>\nOmegon war der erste der zu diesem Schluss gekommen ist und akzeptierte das eine ideologische Teilung sein muss, um am besten die Ziele erreichen zu k\u00f6nnen die die Legion anstrebt.<\/p>\n<p>Beide einigten sich darauf, dass es am sinvollsten w\u00e4re, wenn Alpharius ebenfalls aus dem \u00f6ffentlichen Licht verschwinden w\u00fcrde und so schmiedeten sie den Plan ihn sterben zu lassen. Auf Eskador traf die Alpha Legion schlie\u00dflich auf die Ultramarines, der Standort f\u00fcr das gr\u00f6\u00dfte Schauspiel welches das Imperium je gesehen hat. Von langer Hand vorbereitet hat ein Terminatorcaptain nicht nur das Gesicht des Primarchen bekommen, sondern wurde auch speziell in den Charakterformen und Eigenschaften des Primarchen geschult um ein perfektes Dublikat darzustellen. Der Captain wusste das es eine Suizidmission f\u00fcr ihn sein w\u00fcrde, jedoch war er stolz der Legion in diesem Ma\u00dfe dienen zu d\u00fcrfen. Die Psioniker der Alpha Legion programmierten sein Gehirn vor der Mission so weit um, dass er selbst glaubte er w\u00e4re der Primarch. Die erbeuteten Aufzeichnungen zeigen was an diesem Tag geschah;<\/p>\n<p>[&#8230;&gt;&gt;&gt; Lade Aufzeichung :\\\\ WD 85, Jan2XX3]<br \/>\n[&#8230; &gt;&gt;&gt; classified, not allowed to copy information]<\/p>\n<p>Dies war der Tag an dem Alpharius f\u00fcr das imperiale Informationsnetz starb. Die vermeintlichen Sieger dieser Schlacht schrieben die Geschichte, doch die Hydra mit ihren beiden Primarchen lebte weiter. Obwohl die anderen Verr\u00e4terlegionen sich in den Warp zur\u00fcckzuzogen, entschlossen sich Alpharius und Omegon dagegen und verblieben in ihren im imperialen Raum verteilten geheimen Au\u00dfenposten um weiter ihre Ziele zu verfolgen.<br \/>\n\u00dcber Jahre hinweg baute die Alpha Legion ihr Netz aus Infiltratoren aus und unterwanderte so einen Gro\u00dfteil der imperialen Strukturen und Befehlsketten.<\/p>\n<p><b><\/b><\/p>\n<p>&nbsp;<\/p>\n<p>&nbsp;<\/p>\n","protected":false},"excerpt":{"rendered":"<p>Allgemeiner Hintergrund Die Alpha Legion war die letzte Legion die von dem gro\u00dfem Imperator geschaffen wurde. Da sie die ausgereifteste Gensaat aller Legionen erhielt, besa\u00dfen die Space Marines der Alpha Legion au\u00dferordentlich stabile Gene, was die vergleichsweise wenigen Mutationen der 20. Legion erkl\u00e4rt. Zu Beginn des Gro\u00dfen Kreuzzuges z\u00e4hlte die Alpha Legion circa 2000 Space Marines, w\u00e4hrend ihre Bruderlegionen weitaus&#8230;<\/p>\n","protected":false},"author":1,"featured_media":0,"parent":430,"menu_order":0,"comment_status":"closed","ping_status":"closed","template":"","meta":{"footnotes":""},"class_list":["post-432","page","type-page","status-publish","hentry"],"_links":{"self":[{"href":"https:\/\/www.cerxis.de\/hp\/index.php?rest_route=\/wp\/v2\/pages\/432","targetHints":{"allow":["GET"]}}],"collection":[{"href":"https:\/\/www.cerxis.de\/hp\/index.php?rest_route=\/wp\/v2\/pages"}],"about":[{"href":"https:\/\/www.cerxis.de\/hp\/index.php?rest_route=\/wp\/v2\/types\/page"}],"author":[{"embeddable":true,"href":"https:\/\/www.cerxis.de\/hp\/index.php?rest_route=\/wp\/v2\/users\/1"}],"replies":[{"embeddable":true,"href":"https:\/\/www.cerxis.de\/hp\/index.php?rest_route=%2Fwp%2Fv2%2Fcomments&post=432"}],"version-history":[{"count":1,"href":"https:\/\/www.cerxis.de\/hp\/index.php?rest_route=\/wp\/v2\/pages\/432\/revisions"}],"predecessor-version":[{"id":434,"href":"https:\/\/www.cerxis.de\/hp\/index.php?rest_route=\/wp\/v2\/pages\/432\/revisions\/434"}],"up":[{"embeddable":true,"href":"https:\/\/www.cerxis.de\/hp\/index.php?rest_route=\/wp\/v2\/pages\/430"}],"wp:attachment":[{"href":"https:\/\/www.cerxis.de\/hp\/index.php?rest_route=%2Fwp%2Fv2%2Fmedia&parent=432"}],"curies":[{"name":"wp","href":"https:\/\/api.w.org\/{rel}","templated":true}]}}