{"id":437,"date":"2018-10-24T18:28:02","date_gmt":"2018-10-24T16:28:02","guid":{"rendered":"http:\/\/www.cerxis.de\/hp\/?page_id=437"},"modified":"2018-10-24T18:28:02","modified_gmt":"2018-10-24T16:28:02","slug":"antophicus","status":"publish","type":"page","link":"https:\/\/www.cerxis.de\/hp\/?page_id=437","title":{"rendered":"Antophicus"},"content":{"rendered":"<p><b>Antophicus &#8211; Ein Absulutionspriester in den F\u00e4ngen der Hydra<\/b><br \/>\nAntophicus ist einer der ersten Schl\u00e4fer die die Alpha Legion schon w\u00e4hrend des Bruderkrieges in die Ordensstruktur der Dark Angels einschleuste. Er diente des Dark Angels lange Zeit als Veteran und wurde vor einem Jahrhundert in den Rang eines Ordenspriesters erhoben. Auf einer Mission nahe dem Wirbel des Chaos trafen er und seine treuen Dark Angels auf die Alpha Legion. Sie wurden in einer Schlucht umzingelt als Antophicus ein Stechender Schmerz direkt in sein Hirn traf. Exavir aktivierte durch telepathische Mitteilungen seine l\u00e4ngst verdr\u00e4ngte Identit\u00e4t. Die Alpha Legion zog sich zur\u00fcck und die aufgeriebenen Dark Angels nahmen die Verfolgung auf. Ihre Schiffe waren jedoch manipuliert, sodass sie die Verr\u00e4ter nicht einholen konnten. Eine Schande, schien doch Cypher selbst den Angriff anzuf\u00fchren. Antophicus verfolgte weiter seine Pflichten, verfolgt von immer wiederkehrenden Erinnerungen die er nicht zuordnen konnte, die ihm aber mehr als vertraut schienen. Nachdem die Schiffe repariert wurden kehrten die Dark Angels unter F\u00fchrung von Antophicus zur\u00fcck zum Felsen. Es dauerte noch einige Jahrzehnte doch dann wurde Antophicus in den Rang eines Absolutionspriesters erhoben und in die Geheimnisse um Luthor und die gefallenen Engel eingeweiht. Nichts was er nicht schon l\u00e4ngst wusste, denn in den vergangenen Jahrzehnten nach dem Vorfall nahe dem Auge des Chaos kamen seine volle Erinnerungen zur\u00fcck &#8211; er war einer von vielen, er war Alpharius, er rekrutierte im Namen seines Primarchen von der Hydra auserw\u00e4hlte Aspiranten f\u00fcr die Dark Angels, er w\u00fcrde auf den Tag warten da die Hydra zuschl\u00e4gt und ihr an jenem alle T\u00fcren \u00f6ffnen.<\/p>\n<p><b>Es beginnt&#8230;<\/b><\/p>\n<p>\u201eHaben wir Nachricht erhalten?\u201c, die Gestalt am Fenster drehte den Kopf zur Seite um einen Hauch von Aufmerksamkeit zu signalisieren. Das emulierte Licht lie\u00df seine Augen in einem Eine Gestalt trat aus dem Schatten, unter seiner schweren Gestalt krachste der Boden, \u201eNein mein Lord, wir k\u00f6nnen nicht mit Sicherheit sagen ob die Infiltration gelungen ist.\u201c Der m\u00e4chtige in Ceramit geh\u00fcllte Krieger drehte seinen Kopf wieder Richtung Fenster, als er sein Stimme ein weiteres Mal erhob \u201eIch erwarte den sofortigen Bericht, sollte es jegliche Aktivit\u00e4t geben.\u201c Die Gestalt ballte die rechte Hand zur Faust und hob den Arm empor, sodass er schr\u00e4g auf der Brust lag und die Hand auf dem Ort der R\u00fcstung verweilte die das Herz sch\u00fctzte. Er verbeugte sich leicht und lie\u00df \u201eJa mein Lord, Hydra Dominatus!\u201c verlauten bevor er den Raum zur T\u00fcr in seinem R\u00fccken verlie\u00df.<br \/>\nReed Diragorn atmete tief aus als sich die T\u00fcr hinter dem Kommandoraum schlo\u00df, ihm war stehts unwohl bei dem Gedanken dem Primarchen schlechte Nachrichten zu \u00fcberbringen vor allem dann, wenn so viel davon abhing. Er selbst hatte die Auswahl der Legion\u00e4re getroffen die auf diese einmalige Mission geschickt werden sollten. Dabei konnte er nicht unbedingt behaupten dass er eine gro\u00dfe Auswahl an Soldaten zur Verf\u00fcgung hatte. Nach einem Zusammentreffen mit einigen Dark Angels musste alles sehr schnell gehen.<\/p>\n<p>Obwohl Reed am liebsten selbst Teil dieser Infiltration sein wollte, hatte er andere Befehle und so befahl er den Auserw\u00e4hlten das Fleisch der gefallenen Loyalisten zu essen. Der einsetzende Regen beendete langsam das Festmahl des Feuers, welches sich neben dem Trupp der Alpha Legion an einem Panzer n\u00e4hrte. Ein gro\u00dfes Loch in der Front klaffte im Wrack des Predators und allerlei funkende Dr\u00e4hte und Kabel bahnten sich den Weg in die Freiheit, wie Ged\u00e4rme die durch eine Bauchdecke sto\u00dfen. W\u00e4hrend die Legion\u00e4re unter seinem Kommando langsam Erinnerungen und Informationen mit Hilfe der Omophagea absorbierten, arbeiteten die Apothecarii in einer Schnelligkeit und Leichtigkeit wie es nur Jahrhunderte lange Routine erlaubte um die Gesichter der toten Dark Angels abzutrennen. Der schm\u00e4chtige Psioniker Dimitrius Talwar extrahierte Erinnerungen der entstellten Leichen und transferierte diese in die Legion\u00e4re, bevor sie ihre neuen Gesichter bekamen. Reed mochte den Psioniker nicht, merkte er doch wie Talwar\u2019s Geist den seinen von Zeit zu Zeit umarmte. Omegon bezeichnete ihn als eine der st\u00e4rksten Waffen der Legion, traute ihm aber nicht so sehr wie seinen Br\u00fcdern \u2013 immerhin war Dimitrius kein Legion\u00e4r. Bald schon w\u00fcrden weitere Trupps der Dark Angels folgen und Reed und die verbleibenden Soldaten mussten dieses Unterfangen schnellstm\u00f6glich hinter sich lassen. Dimitrius signalisierte die Vollendung seiner Arbeit und Reed und die Alpha Legion\u00e4re im Dark Angels Gewand gingen getrennte Wege.<\/p>\n<p>Der Primarch wandte seinen Blick von der trostlosen Schw\u00e4rze des Alls und blickte hinter die gro\u00dfe Tafel in der Mitte des Raumes. F\u00fcr das menschliche Auge kaum zu sehen begann eine Silhouette sich vorw\u00e4rts zu bewegen und nahm auf einem der Thronst\u00fchle Platz. Das Gesicht des Space Marines war verdeckt von einer Kapuze. Der Krieger in dunkelgr\u00fcner R\u00fcstung st\u00fctzte seine Ellenbogen auf die massive Tafel und faltete seine schwer gepanzerten H\u00e4nde. \u201eMeint ihr das Eure Legion\u00e4re erfolgreich sein werden?\u201c. Der Primarch ging einige Schritte auf die gro\u00dfe Tafel zu wobei er den Blick nicht von seinem Gegen\u00fcber weichen lie\u00df und verk\u00fcndete \u201eWir haben immer Erfolg.\u201c<\/p>\n<p>Artos befreite den Captain aus seinen Gedanken. Reed stand noch immer vor der T\u00fcr des Kommandoraumen und bat seinen Bruder die Frage zu wiederholen. \u201eHat er gesagt was er auf dem Felsen will?\u201c wiederholte Artos mit neugierigen Augen seine Frage. Reed schaute seinen Mitstreiter an, er hatte das Gef\u00fchl in ein Spiegelbild zu schauen und bemerkte das er schon fast vergessen hat wie er einmal aussah. \u201eEr hat mir keine Details zur Mission gegeben \u2013 ich denke er wird den L\u00f6wen wecken wollen,\u201c er schaute an Artos mit nachdenklicher Stirn vorbei, \u201eich wei\u00df nur nicht wieso.\u201c<\/p>\n<p>[&#8230;to be continued]<\/p>\n<p>&nbsp;<\/p>\n<p><img loading=\"lazy\" decoding=\"async\" class=\"alignnone wp-image-438 size-full\" src=\"https:\/\/www.cerxis.de\/hp\/wp-content\/uploads\/anto.jpg\" alt=\"\" width=\"900\" height=\"384\" srcset=\"https:\/\/www.cerxis.de\/hp\/wp-content\/uploads\/anto.jpg 900w, https:\/\/www.cerxis.de\/hp\/wp-content\/uploads\/anto-300x128.jpg 300w, https:\/\/www.cerxis.de\/hp\/wp-content\/uploads\/anto-768x328.jpg 768w\" sizes=\"auto, (max-width: 900px) 100vw, 900px\" \/><\/p>\n","protected":false},"excerpt":{"rendered":"<p>Antophicus &#8211; Ein Absulutionspriester in den F\u00e4ngen der Hydra Antophicus ist einer der ersten Schl\u00e4fer die die Alpha Legion schon w\u00e4hrend des Bruderkrieges in die Ordensstruktur der Dark Angels einschleuste. Er diente des Dark Angels lange Zeit als Veteran und wurde vor einem Jahrhundert in den Rang eines Ordenspriesters erhoben. Auf einer Mission nahe dem Wirbel des Chaos trafen er&#8230;<\/p>\n","protected":false},"author":1,"featured_media":0,"parent":432,"menu_order":0,"comment_status":"closed","ping_status":"closed","template":"","meta":{"footnotes":""},"class_list":["post-437","page","type-page","status-publish","hentry"],"_links":{"self":[{"href":"https:\/\/www.cerxis.de\/hp\/index.php?rest_route=\/wp\/v2\/pages\/437","targetHints":{"allow":["GET"]}}],"collection":[{"href":"https:\/\/www.cerxis.de\/hp\/index.php?rest_route=\/wp\/v2\/pages"}],"about":[{"href":"https:\/\/www.cerxis.de\/hp\/index.php?rest_route=\/wp\/v2\/types\/page"}],"author":[{"embeddable":true,"href":"https:\/\/www.cerxis.de\/hp\/index.php?rest_route=\/wp\/v2\/users\/1"}],"replies":[{"embeddable":true,"href":"https:\/\/www.cerxis.de\/hp\/index.php?rest_route=%2Fwp%2Fv2%2Fcomments&post=437"}],"version-history":[{"count":1,"href":"https:\/\/www.cerxis.de\/hp\/index.php?rest_route=\/wp\/v2\/pages\/437\/revisions"}],"predecessor-version":[{"id":439,"href":"https:\/\/www.cerxis.de\/hp\/index.php?rest_route=\/wp\/v2\/pages\/437\/revisions\/439"}],"up":[{"embeddable":true,"href":"https:\/\/www.cerxis.de\/hp\/index.php?rest_route=\/wp\/v2\/pages\/432"}],"wp:attachment":[{"href":"https:\/\/www.cerxis.de\/hp\/index.php?rest_route=%2Fwp%2Fv2%2Fmedia&parent=437"}],"curies":[{"name":"wp","href":"https:\/\/api.w.org\/{rel}","templated":true}]}}