{"id":447,"date":"2018-10-24T18:43:26","date_gmt":"2018-10-24T16:43:26","guid":{"rendered":"http:\/\/www.cerxis.de\/hp\/?page_id=447"},"modified":"2018-10-24T18:48:56","modified_gmt":"2018-10-24T16:48:56","slug":"chosen-teslar","status":"publish","type":"page","link":"https:\/\/www.cerxis.de\/hp\/?page_id=447","title":{"rendered":"Chosen Effrits Memorial Squad"},"content":{"rendered":"<p><b>Chosen Effrits Memorial Squad<\/b><br \/>\nIm 41. Jahrtausend ist es nicht nur das Imperium, welches der Unterwanderung, Infiltration und Sabotage der Alpha Legion unterliegt. Immer mehr werden auch die Verr\u00e4terlegionen infiltriert um sie unwissend auf Wege zu schicken die der Alpha Legion in die Karten spielt. Die Veteranen der Hydra lassen gef\u00e4hrliche Experimente mit Warpmaterie \u00fcber sich ergehen um Mutationen zu erlangen die ihre reine Gensaat nicht hervorruft. Sie erreichen dadurch teilweise mehr St\u00e4rke oder andere au\u00dfergew\u00f6hnliche F\u00e4higkeiten, die sie vom Rest der Legion abheben. Diese Auserkorenen sind die Elite der Alpha Legion und werden von den anderen Legion\u00e4ren mit gro\u00dfem Respekt gesehen, denn diese Legion\u00e4re legen sich buchst\u00e4blich mit den G\u00f6ttern des Warps an und lenken so die F\u00e4den des Schicksalsteppichs zu den Gunsten der Alpha Legion.<\/p>\n<p><img loading=\"lazy\" decoding=\"async\" class=\"alignnone wp-image-448 size-full\" src=\"https:\/\/www.cerxis.de\/hp\/wp-content\/uploads\/flickrchosen2.jpg\" alt=\"\" width=\"950\" height=\"447\" srcset=\"https:\/\/www.cerxis.de\/hp\/wp-content\/uploads\/flickrchosen2.jpg 950w, https:\/\/www.cerxis.de\/hp\/wp-content\/uploads\/flickrchosen2-300x141.jpg 300w, https:\/\/www.cerxis.de\/hp\/wp-content\/uploads\/flickrchosen2-768x361.jpg 768w\" sizes=\"auto, (max-width: 950px) 100vw, 950px\" \/><\/p>\n","protected":false},"excerpt":{"rendered":"<p>Chosen Effrits Memorial Squad Im 41. Jahrtausend ist es nicht nur das Imperium, welches der Unterwanderung, Infiltration und Sabotage der Alpha Legion unterliegt. Immer mehr werden auch die Verr\u00e4terlegionen infiltriert um sie unwissend auf Wege zu schicken die der Alpha Legion in die Karten spielt. Die Veteranen der Hydra lassen gef\u00e4hrliche Experimente mit Warpmaterie \u00fcber sich ergehen um Mutationen zu&#8230;<\/p>\n","protected":false},"author":1,"featured_media":0,"parent":432,"menu_order":0,"comment_status":"closed","ping_status":"closed","template":"","meta":{"footnotes":""},"class_list":["post-447","page","type-page","status-publish","hentry"],"_links":{"self":[{"href":"https:\/\/www.cerxis.de\/hp\/index.php?rest_route=\/wp\/v2\/pages\/447","targetHints":{"allow":["GET"]}}],"collection":[{"href":"https:\/\/www.cerxis.de\/hp\/index.php?rest_route=\/wp\/v2\/pages"}],"about":[{"href":"https:\/\/www.cerxis.de\/hp\/index.php?rest_route=\/wp\/v2\/types\/page"}],"author":[{"embeddable":true,"href":"https:\/\/www.cerxis.de\/hp\/index.php?rest_route=\/wp\/v2\/users\/1"}],"replies":[{"embeddable":true,"href":"https:\/\/www.cerxis.de\/hp\/index.php?rest_route=%2Fwp%2Fv2%2Fcomments&post=447"}],"version-history":[{"count":2,"href":"https:\/\/www.cerxis.de\/hp\/index.php?rest_route=\/wp\/v2\/pages\/447\/revisions"}],"predecessor-version":[{"id":460,"href":"https:\/\/www.cerxis.de\/hp\/index.php?rest_route=\/wp\/v2\/pages\/447\/revisions\/460"}],"up":[{"embeddable":true,"href":"https:\/\/www.cerxis.de\/hp\/index.php?rest_route=\/wp\/v2\/pages\/432"}],"wp:attachment":[{"href":"https:\/\/www.cerxis.de\/hp\/index.php?rest_route=%2Fwp%2Fv2%2Fmedia&parent=447"}],"curies":[{"name":"wp","href":"https:\/\/api.w.org\/{rel}","templated":true}]}}