{"id":450,"date":"2018-10-24T18:45:17","date_gmt":"2018-10-24T16:45:17","guid":{"rendered":"http:\/\/www.cerxis.de\/hp\/?page_id=450"},"modified":"2018-10-24T18:45:17","modified_gmt":"2018-10-24T16:45:17","slug":"terminators-artos","status":"publish","type":"page","link":"https:\/\/www.cerxis.de\/hp\/?page_id=450","title":{"rendered":"Terminators Artos"},"content":{"rendered":"<p><b>Terminatoren &#8211; Trupp Artos<\/b><br \/>\nSheed Ranko selbst bildete diese Terminatoren aus. Sie sind die Leibgarde des Absolutionspriesters Antophicus und sind die Legion\u00e4re die am meisten in die Rolle einer der Primarchen schl\u00fcpfen. Ein jeder von ihnen bildet die oberste Elite der Alpha Legion, denn sie sind neben den Auserkorenen die h\u00e4rtesten und verbissensten K\u00e4mpfer die die Geisterlegion in den Kampf schickt.<\/p>\n<p><img loading=\"lazy\" decoding=\"async\" class=\"alignnone size-full wp-image-451\" src=\"https:\/\/www.cerxis.de\/hp\/wp-content\/uploads\/terms.jpg\" alt=\"\" width=\"900\" height=\"384\" srcset=\"https:\/\/www.cerxis.de\/hp\/wp-content\/uploads\/terms.jpg 900w, https:\/\/www.cerxis.de\/hp\/wp-content\/uploads\/terms-300x128.jpg 300w, https:\/\/www.cerxis.de\/hp\/wp-content\/uploads\/terms-768x328.jpg 768w\" sizes=\"auto, (max-width: 900px) 100vw, 900px\" \/><\/p>\n","protected":false},"excerpt":{"rendered":"<p>Terminatoren &#8211; Trupp Artos Sheed Ranko selbst bildete diese Terminatoren aus. Sie sind die Leibgarde des Absolutionspriesters Antophicus und sind die Legion\u00e4re die am meisten in die Rolle einer der Primarchen schl\u00fcpfen. Ein jeder von ihnen bildet die oberste Elite der Alpha Legion, denn sie sind neben den Auserkorenen die h\u00e4rtesten und verbissensten K\u00e4mpfer die die Geisterlegion in den Kampf&#8230;<\/p>\n","protected":false},"author":1,"featured_media":0,"parent":432,"menu_order":0,"comment_status":"closed","ping_status":"closed","template":"","meta":{"footnotes":""},"class_list":["post-450","page","type-page","status-publish","hentry"],"_links":{"self":[{"href":"https:\/\/www.cerxis.de\/hp\/index.php?rest_route=\/wp\/v2\/pages\/450","targetHints":{"allow":["GET"]}}],"collection":[{"href":"https:\/\/www.cerxis.de\/hp\/index.php?rest_route=\/wp\/v2\/pages"}],"about":[{"href":"https:\/\/www.cerxis.de\/hp\/index.php?rest_route=\/wp\/v2\/types\/page"}],"author":[{"embeddable":true,"href":"https:\/\/www.cerxis.de\/hp\/index.php?rest_route=\/wp\/v2\/users\/1"}],"replies":[{"embeddable":true,"href":"https:\/\/www.cerxis.de\/hp\/index.php?rest_route=%2Fwp%2Fv2%2Fcomments&post=450"}],"version-history":[{"count":1,"href":"https:\/\/www.cerxis.de\/hp\/index.php?rest_route=\/wp\/v2\/pages\/450\/revisions"}],"predecessor-version":[{"id":452,"href":"https:\/\/www.cerxis.de\/hp\/index.php?rest_route=\/wp\/v2\/pages\/450\/revisions\/452"}],"up":[{"embeddable":true,"href":"https:\/\/www.cerxis.de\/hp\/index.php?rest_route=\/wp\/v2\/pages\/432"}],"wp:attachment":[{"href":"https:\/\/www.cerxis.de\/hp\/index.php?rest_route=%2Fwp%2Fv2%2Fmedia&parent=450"}],"curies":[{"name":"wp","href":"https:\/\/api.w.org\/{rel}","templated":true}]}}