{"id":453,"date":"2018-10-24T18:47:30","date_gmt":"2018-10-24T16:47:30","guid":{"rendered":"http:\/\/www.cerxis.de\/hp\/?page_id=453"},"modified":"2018-10-24T18:47:30","modified_gmt":"2018-10-24T16:47:30","slug":"kyborgs-suliban","status":"publish","type":"page","link":"https:\/\/www.cerxis.de\/hp\/?page_id=453","title":{"rendered":"Kyborgs Suliban"},"content":{"rendered":"<p><b>Kyborgs &#8211; Trupp Suliban<br \/>\n<\/b>\u200bTrupp Suliban geh\u00f6rt zu den t\u00f6dlichsten Trupps die die Alpha Legion auf das Feld schickt. Durch ihre Centurionr\u00fcstung sind sie nahezu unzerst\u00f6rbare Gegner die wie Kometen auf das Schlachtfeld fallen und dort angekommen kein Gegner davonkommen lassen. Sie bilden die Speerspitze wenn die Tarnung aufgeflogen ist und die geballte St\u00e4rke der Alpha Legion auf den Gegner losgelassen wird. Ihre Bewaffnung reicht von Laserkanonen, Schweren Boltern \u00fcber Multimelter bis hin zu Sturmkanonen und wird je nach Bedarf auf die Gegner entladen.<\/p>\n<p><img loading=\"lazy\" decoding=\"async\" class=\"alignnone size-full wp-image-454\" src=\"https:\/\/www.cerxis.de\/hp\/wp-content\/uploads\/cents1.jpg\" alt=\"\" width=\"900\" height=\"384\" srcset=\"https:\/\/www.cerxis.de\/hp\/wp-content\/uploads\/cents1.jpg 900w, https:\/\/www.cerxis.de\/hp\/wp-content\/uploads\/cents1-300x128.jpg 300w, https:\/\/www.cerxis.de\/hp\/wp-content\/uploads\/cents1-768x328.jpg 768w\" sizes=\"auto, (max-width: 900px) 100vw, 900px\" \/> <img loading=\"lazy\" decoding=\"async\" class=\"alignnone size-full wp-image-455\" src=\"https:\/\/www.cerxis.de\/hp\/wp-content\/uploads\/cents1_details.jpg\" alt=\"\" width=\"900\" height=\"384\" srcset=\"https:\/\/www.cerxis.de\/hp\/wp-content\/uploads\/cents1_details.jpg 900w, https:\/\/www.cerxis.de\/hp\/wp-content\/uploads\/cents1_details-300x128.jpg 300w, https:\/\/www.cerxis.de\/hp\/wp-content\/uploads\/cents1_details-768x328.jpg 768w\" sizes=\"auto, (max-width: 900px) 100vw, 900px\" \/><\/p>\n","protected":false},"excerpt":{"rendered":"<p>Kyborgs &#8211; Trupp Suliban \u200bTrupp Suliban geh\u00f6rt zu den t\u00f6dlichsten Trupps die die Alpha Legion auf das Feld schickt. Durch ihre Centurionr\u00fcstung sind sie nahezu unzerst\u00f6rbare Gegner die wie Kometen auf das Schlachtfeld fallen und dort angekommen kein Gegner davonkommen lassen. Sie bilden die Speerspitze wenn die Tarnung aufgeflogen ist und die geballte St\u00e4rke der Alpha Legion auf den Gegner&#8230;<\/p>\n","protected":false},"author":1,"featured_media":0,"parent":432,"menu_order":0,"comment_status":"closed","ping_status":"closed","template":"","meta":{"footnotes":""},"class_list":["post-453","page","type-page","status-publish","hentry"],"_links":{"self":[{"href":"https:\/\/www.cerxis.de\/hp\/index.php?rest_route=\/wp\/v2\/pages\/453","targetHints":{"allow":["GET"]}}],"collection":[{"href":"https:\/\/www.cerxis.de\/hp\/index.php?rest_route=\/wp\/v2\/pages"}],"about":[{"href":"https:\/\/www.cerxis.de\/hp\/index.php?rest_route=\/wp\/v2\/types\/page"}],"author":[{"embeddable":true,"href":"https:\/\/www.cerxis.de\/hp\/index.php?rest_route=\/wp\/v2\/users\/1"}],"replies":[{"embeddable":true,"href":"https:\/\/www.cerxis.de\/hp\/index.php?rest_route=%2Fwp%2Fv2%2Fcomments&post=453"}],"version-history":[{"count":1,"href":"https:\/\/www.cerxis.de\/hp\/index.php?rest_route=\/wp\/v2\/pages\/453\/revisions"}],"predecessor-version":[{"id":456,"href":"https:\/\/www.cerxis.de\/hp\/index.php?rest_route=\/wp\/v2\/pages\/453\/revisions\/456"}],"up":[{"embeddable":true,"href":"https:\/\/www.cerxis.de\/hp\/index.php?rest_route=\/wp\/v2\/pages\/432"}],"wp:attachment":[{"href":"https:\/\/www.cerxis.de\/hp\/index.php?rest_route=%2Fwp%2Fv2%2Fmedia&parent=453"}],"curies":[{"name":"wp","href":"https:\/\/api.w.org\/{rel}","templated":true}]}}