{"id":461,"date":"2018-10-24T18:50:51","date_gmt":"2018-10-24T16:50:51","guid":{"rendered":"http:\/\/www.cerxis.de\/hp\/?page_id=461"},"modified":"2018-10-24T18:50:59","modified_gmt":"2018-10-24T16:50:59","slug":"461-2","status":"publish","type":"page","link":"https:\/\/www.cerxis.de\/hp\/?page_id=461","title":{"rendered":"Hellbrute Mortis Alpharius"},"content":{"rendered":"<p><b>Hellbrute Mortis Alpharius<br \/>\n<\/b>Das sabbernde Haustier des Puppenspielers nennen die Legion\u00e4re es sp\u00f6ttisch, doch es spricht mehr die Angst aus ihnen. Niemand wei\u00df welcher Legion\u00e4r das Fleisch f\u00fcr diese Maschine lieferte, doch mit einer Geste des Puppenspielers erwacht das sabbernde Monster und wenn es erst einmal von der Leine gelassen wurde, dann kann es nichts mehr aufhalten.<\/p>\n<p><img loading=\"lazy\" decoding=\"async\" class=\"alignnone size-full wp-image-462\" src=\"https:\/\/www.cerxis.de\/hp\/wp-content\/uploads\/schlachter.jpg\" alt=\"\" width=\"900\" height=\"384\" srcset=\"https:\/\/www.cerxis.de\/hp\/wp-content\/uploads\/schlachter.jpg 900w, https:\/\/www.cerxis.de\/hp\/wp-content\/uploads\/schlachter-300x128.jpg 300w, https:\/\/www.cerxis.de\/hp\/wp-content\/uploads\/schlachter-768x328.jpg 768w\" sizes=\"auto, (max-width: 900px) 100vw, 900px\" \/><\/p>\n<p><img loading=\"lazy\" decoding=\"async\" class=\"alignnone size-full wp-image-463\" src=\"https:\/\/www.cerxis.de\/hp\/wp-content\/uploads\/flickrbrute.jpg\" alt=\"\" width=\"950\" height=\"625\" srcset=\"https:\/\/www.cerxis.de\/hp\/wp-content\/uploads\/flickrbrute.jpg 950w, https:\/\/www.cerxis.de\/hp\/wp-content\/uploads\/flickrbrute-300x197.jpg 300w, https:\/\/www.cerxis.de\/hp\/wp-content\/uploads\/flickrbrute-768x505.jpg 768w\" sizes=\"auto, (max-width: 950px) 100vw, 950px\" \/><\/p>\n","protected":false},"excerpt":{"rendered":"<p>Hellbrute Mortis Alpharius Das sabbernde Haustier des Puppenspielers nennen die Legion\u00e4re es sp\u00f6ttisch, doch es spricht mehr die Angst aus ihnen. Niemand wei\u00df welcher Legion\u00e4r das Fleisch f\u00fcr diese Maschine lieferte, doch mit einer Geste des Puppenspielers erwacht das sabbernde Monster und wenn es erst einmal von der Leine gelassen wurde, dann kann es nichts mehr aufhalten.<\/p>\n","protected":false},"author":1,"featured_media":0,"parent":432,"menu_order":0,"comment_status":"closed","ping_status":"closed","template":"","meta":{"footnotes":""},"class_list":["post-461","page","type-page","status-publish","hentry"],"_links":{"self":[{"href":"https:\/\/www.cerxis.de\/hp\/index.php?rest_route=\/wp\/v2\/pages\/461","targetHints":{"allow":["GET"]}}],"collection":[{"href":"https:\/\/www.cerxis.de\/hp\/index.php?rest_route=\/wp\/v2\/pages"}],"about":[{"href":"https:\/\/www.cerxis.de\/hp\/index.php?rest_route=\/wp\/v2\/types\/page"}],"author":[{"embeddable":true,"href":"https:\/\/www.cerxis.de\/hp\/index.php?rest_route=\/wp\/v2\/users\/1"}],"replies":[{"embeddable":true,"href":"https:\/\/www.cerxis.de\/hp\/index.php?rest_route=%2Fwp%2Fv2%2Fcomments&post=461"}],"version-history":[{"count":2,"href":"https:\/\/www.cerxis.de\/hp\/index.php?rest_route=\/wp\/v2\/pages\/461\/revisions"}],"predecessor-version":[{"id":465,"href":"https:\/\/www.cerxis.de\/hp\/index.php?rest_route=\/wp\/v2\/pages\/461\/revisions\/465"}],"up":[{"embeddable":true,"href":"https:\/\/www.cerxis.de\/hp\/index.php?rest_route=\/wp\/v2\/pages\/432"}],"wp:attachment":[{"href":"https:\/\/www.cerxis.de\/hp\/index.php?rest_route=%2Fwp%2Fv2%2Fmedia&parent=461"}],"curies":[{"name":"wp","href":"https:\/\/api.w.org\/{rel}","templated":true}]}}