{"id":466,"date":"2018-10-24T18:53:07","date_gmt":"2018-10-24T16:53:07","guid":{"rendered":"http:\/\/www.cerxis.de\/hp\/?page_id=466"},"modified":"2018-10-24T18:53:07","modified_gmt":"2018-10-24T16:53:07","slug":"kytan-engine-tartavos","status":"publish","type":"page","link":"https:\/\/www.cerxis.de\/hp\/?page_id=466","title":{"rendered":"Kytan Engine Tartavos"},"content":{"rendered":"<p><b>Tartavos der Schl\u00e4chter<br \/>\n<\/b>Diese gigantische D\u00e4monenmaschine unetrsteht ebenfalls dem Puppenspieler, es ist ein gro\u00dfer D\u00e4mon der in den H\u00f6llenschmieden zu einer Bestie des Krieges, einer Verschmelzung von Metall und Fleisch geformt wurde. Tartavos ist der Trumpf im Angriff des Felsens. Sobald die Verteidigungsnetze abgeschaltet sind wird er auf die Gegner losgelassen bis nichts mehr von ihnen \u00fcbrig ist bis auf verst\u00fcmmelte Haufen aus Ceramit und Fleisch.<\/p>\n<p><img loading=\"lazy\" decoding=\"async\" class=\"alignnone size-full wp-image-467\" src=\"https:\/\/www.cerxis.de\/hp\/wp-content\/uploads\/los_al.jpg\" alt=\"\" width=\"800\" height=\"894\" srcset=\"https:\/\/www.cerxis.de\/hp\/wp-content\/uploads\/los_al.jpg 800w, https:\/\/www.cerxis.de\/hp\/wp-content\/uploads\/los_al-268x300.jpg 268w, https:\/\/www.cerxis.de\/hp\/wp-content\/uploads\/los_al-768x858.jpg 768w\" sizes=\"auto, (max-width: 800px) 100vw, 800px\" \/><\/p>\n","protected":false},"excerpt":{"rendered":"<p>Tartavos der Schl\u00e4chter Diese gigantische D\u00e4monenmaschine unetrsteht ebenfalls dem Puppenspieler, es ist ein gro\u00dfer D\u00e4mon der in den H\u00f6llenschmieden zu einer Bestie des Krieges, einer Verschmelzung von Metall und Fleisch geformt wurde. Tartavos ist der Trumpf im Angriff des Felsens. Sobald die Verteidigungsnetze abgeschaltet sind wird er auf die Gegner losgelassen bis nichts mehr von ihnen \u00fcbrig ist bis auf&#8230;<\/p>\n","protected":false},"author":1,"featured_media":0,"parent":432,"menu_order":0,"comment_status":"closed","ping_status":"closed","template":"","meta":{"footnotes":""},"class_list":["post-466","page","type-page","status-publish","hentry"],"_links":{"self":[{"href":"https:\/\/www.cerxis.de\/hp\/index.php?rest_route=\/wp\/v2\/pages\/466","targetHints":{"allow":["GET"]}}],"collection":[{"href":"https:\/\/www.cerxis.de\/hp\/index.php?rest_route=\/wp\/v2\/pages"}],"about":[{"href":"https:\/\/www.cerxis.de\/hp\/index.php?rest_route=\/wp\/v2\/types\/page"}],"author":[{"embeddable":true,"href":"https:\/\/www.cerxis.de\/hp\/index.php?rest_route=\/wp\/v2\/users\/1"}],"replies":[{"embeddable":true,"href":"https:\/\/www.cerxis.de\/hp\/index.php?rest_route=%2Fwp%2Fv2%2Fcomments&post=466"}],"version-history":[{"count":1,"href":"https:\/\/www.cerxis.de\/hp\/index.php?rest_route=\/wp\/v2\/pages\/466\/revisions"}],"predecessor-version":[{"id":468,"href":"https:\/\/www.cerxis.de\/hp\/index.php?rest_route=\/wp\/v2\/pages\/466\/revisions\/468"}],"up":[{"embeddable":true,"href":"https:\/\/www.cerxis.de\/hp\/index.php?rest_route=\/wp\/v2\/pages\/432"}],"wp:attachment":[{"href":"https:\/\/www.cerxis.de\/hp\/index.php?rest_route=%2Fwp%2Fv2%2Fmedia&parent=466"}],"curies":[{"name":"wp","href":"https:\/\/api.w.org\/{rel}","templated":true}]}}