{"id":503,"date":"2018-10-24T19:08:28","date_gmt":"2018-10-24T17:08:28","guid":{"rendered":"http:\/\/www.cerxis.de\/hp\/?page_id=503"},"modified":"2018-10-24T19:08:28","modified_gmt":"2018-10-24T17:08:28","slug":"cultists-zinsirs-masks","status":"publish","type":"page","link":"https:\/\/www.cerxis.de\/hp\/?page_id=503","title":{"rendered":"Cultists Zinsirs Masks"},"content":{"rendered":"<p>Zinzirs Masks wurden w\u00e4hrend der Dan&#8217;Tuen Verschw\u00f6rung ein Teil der Alpha Legion. Sie bewiesen sich in Schlachten gegen Salamanders und Ultramarines und hetzten die Bev\u00f6lkerung auf die imperialen Streitkr\u00e4fte mit aller Macht zu behindern. Nach dem Tod des alten Kultmeisters \u00fcbernahm Zinzir die F\u00fchrung der entbehrlichen Kultisten. Obwohl sie keinerlei Ausbildung in der Kriegskunst haben sind sie au\u00dferordentliche Schleicher, Saboteure und Assasinen. Vikarus Sernean ist immer wieder erstaunt welch schwierige Aufgaben Zinzir und seine M\u00e4nner vollbringen.<\/p>\n<p><img loading=\"lazy\" decoding=\"async\" class=\"alignnone size-full wp-image-504\" src=\"https:\/\/www.cerxis.de\/hp\/wp-content\/uploads\/kults.jpg\" alt=\"\" width=\"900\" height=\"384\" srcset=\"https:\/\/www.cerxis.de\/hp\/wp-content\/uploads\/kults.jpg 900w, https:\/\/www.cerxis.de\/hp\/wp-content\/uploads\/kults-300x128.jpg 300w, https:\/\/www.cerxis.de\/hp\/wp-content\/uploads\/kults-768x328.jpg 768w\" sizes=\"auto, (max-width: 900px) 100vw, 900px\" \/><\/p>\n","protected":false},"excerpt":{"rendered":"<p>Zinzirs Masks wurden w\u00e4hrend der Dan&#8217;Tuen Verschw\u00f6rung ein Teil der Alpha Legion. Sie bewiesen sich in Schlachten gegen Salamanders und Ultramarines und hetzten die Bev\u00f6lkerung auf die imperialen Streitkr\u00e4fte mit aller Macht zu behindern. Nach dem Tod des alten Kultmeisters \u00fcbernahm Zinzir die F\u00fchrung der entbehrlichen Kultisten. Obwohl sie keinerlei Ausbildung in der Kriegskunst haben sind sie au\u00dferordentliche Schleicher, Saboteure&#8230;<\/p>\n","protected":false},"author":1,"featured_media":0,"parent":432,"menu_order":0,"comment_status":"closed","ping_status":"closed","template":"","meta":{"footnotes":""},"class_list":["post-503","page","type-page","status-publish","hentry"],"_links":{"self":[{"href":"https:\/\/www.cerxis.de\/hp\/index.php?rest_route=\/wp\/v2\/pages\/503","targetHints":{"allow":["GET"]}}],"collection":[{"href":"https:\/\/www.cerxis.de\/hp\/index.php?rest_route=\/wp\/v2\/pages"}],"about":[{"href":"https:\/\/www.cerxis.de\/hp\/index.php?rest_route=\/wp\/v2\/types\/page"}],"author":[{"embeddable":true,"href":"https:\/\/www.cerxis.de\/hp\/index.php?rest_route=\/wp\/v2\/users\/1"}],"replies":[{"embeddable":true,"href":"https:\/\/www.cerxis.de\/hp\/index.php?rest_route=%2Fwp%2Fv2%2Fcomments&post=503"}],"version-history":[{"count":1,"href":"https:\/\/www.cerxis.de\/hp\/index.php?rest_route=\/wp\/v2\/pages\/503\/revisions"}],"predecessor-version":[{"id":505,"href":"https:\/\/www.cerxis.de\/hp\/index.php?rest_route=\/wp\/v2\/pages\/503\/revisions\/505"}],"up":[{"embeddable":true,"href":"https:\/\/www.cerxis.de\/hp\/index.php?rest_route=\/wp\/v2\/pages\/432"}],"wp:attachment":[{"href":"https:\/\/www.cerxis.de\/hp\/index.php?rest_route=%2Fwp%2Fv2%2Fmedia&parent=503"}],"curies":[{"name":"wp","href":"https:\/\/api.w.org\/{rel}","templated":true}]}}